{"id":1851,"date":"2024-01-02T10:29:34","date_gmt":"2024-01-02T08:29:34","guid":{"rendered":"https:\/\/onlymedia.lt\/privatumo-politika\/"},"modified":"2024-09-10T00:53:25","modified_gmt":"2024-09-09T21:53:25","slug":"privacy-policy","status":"publish","type":"page","link":"https:\/\/onlymedia.lt\/en\/privacy-policy\/","title":{"rendered":"Privacy policy"},"content":{"rendered":"<div class=\"wpb-content-wrapper\"><p>[vc_row][vc_column][vc_column_text css=&#8221;&#8221; woodmart_inline=&#8221;no&#8221; text_larger=&#8221;no&#8221;]This privacy policy (&#8220;Policy&#8221;) describes how Onlymedia.lt (&#8220;we&#8221;, &#8220;our&#8221; or &#8220;the Site&#8221;) collects, uses and protects your personal information.<\/p>\n<p><strong>1.<\/strong> <strong>How we collect information?<\/strong><\/p>\n<p>We may collect your personal information in the following ways:<\/p>\n<p><strong>1.1. Information you provide to us:<\/strong><br \/>\nYour name, email address and contact information that you provide through our website or emails.<br \/>\nData you provide by filling in form fields or other data through our website.<\/p>\n<p><strong>1.2 Automatic data collection.<\/strong><br \/>\nWe may collect technical data about your use of our website, including your IP address, browser type, operating system and other technical data.<br \/>\nWe also use cookies and other tracking technologies to obtain information about your browsing habits and experience on our website.<\/p>\n<p><strong>2.<\/strong> <strong>How we use your information?<\/strong><\/p>\n<p>We may use your personal information for the following purposes:<\/p>\n<ul>\n<li>To provide you with the services, products or information you request.<\/li>\n<li>To analyze your use of our website and improve it.<\/li>\n<li>To send you relevant information about our services or other useful information.<\/li>\n<li>For marketing and advertising purposes, if we have your consent.<\/li>\n<\/ul>\n<p><strong>3.<\/strong> <strong>Data security.<\/strong><\/p>\n<p>We take security measures to protect your personal information from unauthorized access, use or disclosure. We also regularly check and update our security measures.<\/p>\n<p><strong>4.<\/strong> <strong>Cookies.<\/strong><\/p>\n<p>&#8220;<strong>Google Analytics<\/strong> uses visitor monitoring technologies to track visitor behavior to continuously improve and better tailor the content presented to the visitor.<br \/>\n<a href=\"https:\/\/policies.google.com\/privacy\">More information about Google cookies<\/a><\/p>\n<p>&#8220;<strong>Instagram<\/strong> visitor monitoring technologies are used to identify the visitor, monitor their behavior and provide tailored content.<br \/>\n<a href=\"https:\/\/help.instagram.com\/1896641480634370?ref=ig\">More information about Instagram cookies.<\/a><\/p>\n<p>&#8220;<strong>LinkedIn<\/strong> visitor monitoring technologies are used to identify the visitor, to ensure the security of the visitor&#8217;s account, to monitor the visitor&#8217;s behavior, and to provide tailored content, including advertisements.<br \/>\n<a href=\"https:\/\/www.linkedin.com\/legal\/cookie-policy\">For more information on LinkedIn cookies.<\/a><\/p>\n<p>&#8220;<strong>YouTube<\/strong> uses visitor monitoring technologies to monitor visitor behavior in order to continuously improve and better tailor the content presented to the visitor.<br \/>\n<a href=\"https:\/\/policies.google.com\/privacy#footnote-cookies\">More information about YouTube cookies.<\/a><\/p>\n<p>&#8220;Monitoring technologies for <strong>Facebook visitors and Messenger<\/strong> users are used to identify the visitor, monitor their behavior and improve content. More information about <a href=\"https:\/\/www.facebook.com\/policies\/cookies\">Facebook and Facebook Messenger cookies<\/a><\/p>\n<p><strong>5.<\/strong> <strong>How to manage cookies?<\/strong><\/p>\n<p>You can manage and\/or delete cookies according to your preferences. You can delete any cookies that are already on your computer, and you can set most browsers to prevent cookies from being stored.<\/p>\n<p><strong>6.<\/strong> <strong>Contact.<\/strong><\/p>\n<p>If you have any questions or would like more information about our privacy policy, please contact us at: info@onlymedia.lt[\/vc_column_text][\/vc_column][\/vc_row]<\/p>\n<\/div>","protected":false},"excerpt":{"rendered":"<p>[vc_row][vc_column][vc_column_text css=&#8221;&#8221; woodmart_inline=&#8221;no&#8221; text_larger=&#8221;no&#8221;]This privacy policy (&#8220;Policy&#8221;) describes how Onlymedia.lt (&#8220;we&#8221;, &#8220;our&#8221; or &#8220;the Site&#8221;) collects, uses and protects your<\/p>\n","protected":false},"author":1,"featured_media":0,"parent":0,"menu_order":0,"comment_status":"closed","ping_status":"closed","template":"","meta":{"content-type":"","cybocfi_hide_featured_image":"","footnotes":""},"class_list":["post-1851","page","type-page","status-publish","hentry"],"yoast_head":"<!-- This site is optimized with the Yoast SEO Premium plugin v26.9 (Yoast SEO v26.9) - https:\/\/yoast.com\/product\/yoast-seo-premium-wordpress\/ -->\n<title>Privacy policy | Only Media<\/title>\n<meta name=\"description\" content=\"Learn how we protect your privacy and handle your personal information. Read our Privacy Policy to understand our data collection.\" \/>\n<meta name=\"robots\" content=\"index, follow, max-snippet:-1, max-image-preview:large, max-video-preview:-1\" \/>\n<link rel=\"canonical\" href=\"https:\/\/onlymedia.lt\/en\/privacy-policy\/\" \/>\n<meta property=\"og:locale\" content=\"en_US\" \/>\n<meta property=\"og:type\" content=\"article\" \/>\n<meta property=\"og:title\" content=\"Privacy policy\" \/>\n<meta property=\"og:description\" content=\"Learn how we protect your privacy and handle your personal information. Read our Privacy Policy to understand our data collection.\" \/>\n<meta property=\"og:url\" content=\"https:\/\/onlymedia.lt\/en\/privacy-policy\/\" \/>\n<meta property=\"og:site_name\" content=\"Only Media\" \/>\n<meta property=\"article:publisher\" content=\"https:\/\/www.facebook.com\/onlymedia.eu\/\" \/>\n<meta property=\"article:modified_time\" content=\"2024-09-09T21:53:25+00:00\" \/>\n<meta property=\"og:image\" content=\"https:\/\/onlymedia.lt\/wp-content\/uploads\/2024\/02\/Only-logo-2024-1920-x-1080-px-2.png\" \/>\n\t<meta property=\"og:image:width\" content=\"1920\" \/>\n\t<meta property=\"og:image:height\" content=\"1080\" \/>\n\t<meta property=\"og:image:type\" content=\"image\/png\" \/>\n<meta name=\"twitter:card\" content=\"summary_large_image\" \/>\n<meta name=\"twitter:label1\" content=\"Est. reading time\" \/>\n\t<meta name=\"twitter:data1\" content=\"2 minutes\" \/>\n<script type=\"application\/ld+json\" class=\"yoast-schema-graph\">{\"@context\":\"https:\/\/schema.org\",\"@graph\":[{\"@type\":\"WebPage\",\"@id\":\"https:\/\/onlymedia.lt\/en\/privacy-policy\/\",\"url\":\"https:\/\/onlymedia.lt\/en\/privacy-policy\/\",\"name\":\"Privacy policy | Only Media\",\"isPartOf\":{\"@id\":\"https:\/\/onlymedia.lt\/en\/#website\"},\"datePublished\":\"2024-01-02T08:29:34+00:00\",\"dateModified\":\"2024-09-09T21:53:25+00:00\",\"description\":\"Learn how we protect your privacy and handle your personal information. Read our Privacy Policy to understand our data collection.\",\"breadcrumb\":{\"@id\":\"https:\/\/onlymedia.lt\/en\/privacy-policy\/#breadcrumb\"},\"inLanguage\":\"en-US\",\"potentialAction\":[{\"@type\":\"ReadAction\",\"target\":[\"https:\/\/onlymedia.lt\/en\/privacy-policy\/\"]}]},{\"@type\":\"BreadcrumbList\",\"@id\":\"https:\/\/onlymedia.lt\/en\/privacy-policy\/#breadcrumb\",\"itemListElement\":[{\"@type\":\"ListItem\",\"position\":1,\"name\":\"Pagrindinis\",\"item\":\"https:\/\/onlymedia.lt\/en\/\"},{\"@type\":\"ListItem\",\"position\":2,\"name\":\"Privacy policy\"}]},{\"@type\":\"WebSite\",\"@id\":\"https:\/\/onlymedia.lt\/en\/#website\",\"url\":\"https:\/\/onlymedia.lt\/en\/\",\"name\":\"Only Media\",\"description\":\"Marketingo Agent\u016bra Vilniuje\",\"publisher\":{\"@id\":\"https:\/\/onlymedia.lt\/en\/#organization\"},\"potentialAction\":[{\"@type\":\"SearchAction\",\"target\":{\"@type\":\"EntryPoint\",\"urlTemplate\":\"https:\/\/onlymedia.lt\/en\/?s={search_term_string}\"},\"query-input\":{\"@type\":\"PropertyValueSpecification\",\"valueRequired\":true,\"valueName\":\"search_term_string\"}}],\"inLanguage\":\"en-US\"},{\"@type\":\"Organization\",\"@id\":\"https:\/\/onlymedia.lt\/en\/#organization\",\"name\":\"Only Media\",\"url\":\"https:\/\/onlymedia.lt\/en\/\",\"logo\":{\"@type\":\"ImageObject\",\"inLanguage\":\"en-US\",\"@id\":\"https:\/\/onlymedia.lt\/en\/#\/schema\/logo\/image\/\",\"url\":\"https:\/\/onlymedia.lt\/wp-content\/uploads\/2024\/02\/Only-logo-2024-1920-x-1080-px-2.png\",\"contentUrl\":\"https:\/\/onlymedia.lt\/wp-content\/uploads\/2024\/02\/Only-logo-2024-1920-x-1080-px-2.png\",\"width\":1920,\"height\":1080,\"caption\":\"Only Media\"},\"image\":{\"@id\":\"https:\/\/onlymedia.lt\/en\/#\/schema\/logo\/image\/\"},\"sameAs\":[\"https:\/\/www.facebook.com\/onlymedia.eu\/\",\"https:\/\/www.instagram.com\/onlymedia\/\",\"https:\/\/www.linkedin.com\/company\/onlymedia-lt\/\"],\"description\":\"Only Media \u2013 J\u016bs\u0173 patikimas partneris s\u0117kmingai rinkodarai. Marketingo agent\u016bra Vilniuje: marketingas, web dizainas, komunikacija, tinklapi\u0173 k\u016brimas.\",\"email\":\"info@onlymedia.lt\",\"telephone\":\"+37063011322\",\"legalName\":\"Only Media\"}]}<\/script>\n<!-- \/ Yoast SEO Premium plugin. -->","yoast_head_json":{"title":"Privacy policy | Only Media","description":"Learn how we protect your privacy and handle your personal information. Read our Privacy Policy to understand our data collection.","robots":{"index":"index","follow":"follow","max-snippet":"max-snippet:-1","max-image-preview":"max-image-preview:large","max-video-preview":"max-video-preview:-1"},"canonical":"https:\/\/onlymedia.lt\/en\/privacy-policy\/","og_locale":"en_US","og_type":"article","og_title":"Privacy policy","og_description":"Learn how we protect your privacy and handle your personal information. Read our Privacy Policy to understand our data collection.","og_url":"https:\/\/onlymedia.lt\/en\/privacy-policy\/","og_site_name":"Only Media","article_publisher":"https:\/\/www.facebook.com\/onlymedia.eu\/","article_modified_time":"2024-09-09T21:53:25+00:00","og_image":[{"width":1920,"height":1080,"url":"https:\/\/onlymedia.lt\/wp-content\/uploads\/2024\/02\/Only-logo-2024-1920-x-1080-px-2.png","type":"image\/png"}],"twitter_card":"summary_large_image","twitter_misc":{"Est. reading time":"2 minutes"},"schema":{"@context":"https:\/\/schema.org","@graph":[{"@type":"WebPage","@id":"https:\/\/onlymedia.lt\/en\/privacy-policy\/","url":"https:\/\/onlymedia.lt\/en\/privacy-policy\/","name":"Privacy policy | Only Media","isPartOf":{"@id":"https:\/\/onlymedia.lt\/en\/#website"},"datePublished":"2024-01-02T08:29:34+00:00","dateModified":"2024-09-09T21:53:25+00:00","description":"Learn how we protect your privacy and handle your personal information. Read our Privacy Policy to understand our data collection.","breadcrumb":{"@id":"https:\/\/onlymedia.lt\/en\/privacy-policy\/#breadcrumb"},"inLanguage":"en-US","potentialAction":[{"@type":"ReadAction","target":["https:\/\/onlymedia.lt\/en\/privacy-policy\/"]}]},{"@type":"BreadcrumbList","@id":"https:\/\/onlymedia.lt\/en\/privacy-policy\/#breadcrumb","itemListElement":[{"@type":"ListItem","position":1,"name":"Pagrindinis","item":"https:\/\/onlymedia.lt\/en\/"},{"@type":"ListItem","position":2,"name":"Privacy policy"}]},{"@type":"WebSite","@id":"https:\/\/onlymedia.lt\/en\/#website","url":"https:\/\/onlymedia.lt\/en\/","name":"Only Media","description":"Marketingo Agent\u016bra Vilniuje","publisher":{"@id":"https:\/\/onlymedia.lt\/en\/#organization"},"potentialAction":[{"@type":"SearchAction","target":{"@type":"EntryPoint","urlTemplate":"https:\/\/onlymedia.lt\/en\/?s={search_term_string}"},"query-input":{"@type":"PropertyValueSpecification","valueRequired":true,"valueName":"search_term_string"}}],"inLanguage":"en-US"},{"@type":"Organization","@id":"https:\/\/onlymedia.lt\/en\/#organization","name":"Only Media","url":"https:\/\/onlymedia.lt\/en\/","logo":{"@type":"ImageObject","inLanguage":"en-US","@id":"https:\/\/onlymedia.lt\/en\/#\/schema\/logo\/image\/","url":"https:\/\/onlymedia.lt\/wp-content\/uploads\/2024\/02\/Only-logo-2024-1920-x-1080-px-2.png","contentUrl":"https:\/\/onlymedia.lt\/wp-content\/uploads\/2024\/02\/Only-logo-2024-1920-x-1080-px-2.png","width":1920,"height":1080,"caption":"Only Media"},"image":{"@id":"https:\/\/onlymedia.lt\/en\/#\/schema\/logo\/image\/"},"sameAs":["https:\/\/www.facebook.com\/onlymedia.eu\/","https:\/\/www.instagram.com\/onlymedia\/","https:\/\/www.linkedin.com\/company\/onlymedia-lt\/"],"description":"Only Media \u2013 J\u016bs\u0173 patikimas partneris s\u0117kmingai rinkodarai. Marketingo agent\u016bra Vilniuje: marketingas, web dizainas, komunikacija, tinklapi\u0173 k\u016brimas.","email":"info@onlymedia.lt","telephone":"+37063011322","legalName":"Only Media"}]}},"_links":{"self":[{"href":"https:\/\/onlymedia.lt\/en\/wp-json\/wp\/v2\/pages\/1851","targetHints":{"allow":["GET"]}}],"collection":[{"href":"https:\/\/onlymedia.lt\/en\/wp-json\/wp\/v2\/pages"}],"about":[{"href":"https:\/\/onlymedia.lt\/en\/wp-json\/wp\/v2\/types\/page"}],"author":[{"embeddable":true,"href":"https:\/\/onlymedia.lt\/en\/wp-json\/wp\/v2\/users\/1"}],"replies":[{"embeddable":true,"href":"https:\/\/onlymedia.lt\/en\/wp-json\/wp\/v2\/comments?post=1851"}],"version-history":[{"count":1,"href":"https:\/\/onlymedia.lt\/en\/wp-json\/wp\/v2\/pages\/1851\/revisions"}],"predecessor-version":[{"id":2139,"href":"https:\/\/onlymedia.lt\/en\/wp-json\/wp\/v2\/pages\/1851\/revisions\/2139"}],"wp:attachment":[{"href":"https:\/\/onlymedia.lt\/en\/wp-json\/wp\/v2\/media?parent=1851"}],"curies":[{"name":"wp","href":"https:\/\/api.w.org\/{rel}","templated":true}]}}