{"id":1844,"date":"2024-01-02T14:33:21","date_gmt":"2024-01-02T12:33:21","guid":{"rendered":"https:\/\/onlymedia.lt\/kontaktai\/"},"modified":"2024-09-09T16:19:25","modified_gmt":"2024-09-09T13:19:25","slug":"contacts","status":"publish","type":"page","link":"https:\/\/onlymedia.lt\/en\/contacts\/","title":{"rendered":"Contacts"},"content":{"rendered":"<div class=\"wpb-content-wrapper\"><p>[vc_row gap=&#8221;30&#8243; woodmart_css_id=&#8221;65c4d4d80854b&#8221; responsive_spacing=&#8221;eyJwYXJhbV90eXBlIjoid29vZG1hcnRfcmVzcG9uc2l2ZV9zcGFjaW5nIiwic2VsZWN0b3JfaWQiOiI2NWM0ZDRkODA4NTRiIiwic2hvcnRjb2RlIjoidmNfcm93IiwiZGF0YSI6eyJ0YWJsZXQiOnsibWFyZ2luLXRvcCI6Ii0yMCJ9LCJtb2JpbGUiOnt9fX0=&#8221; mobile_bg_img_hidden=&#8221;no&#8221; tablet_bg_img_hidden=&#8221;no&#8221; woodmart_parallax=&#8221;0&#8243; woodmart_gradient_switch=&#8221;no&#8221; woodmart_box_shadow=&#8221;no&#8221; wd_z_index=&#8221;no&#8221; woodmart_disable_overflow=&#8221;0&#8243; row_reverse_mobile=&#8221;0&#8243; row_reverse_tablet=&#8221;0&#8243;][vc_column width=&#8221;1\/3&#8243; woodmart_css_id=&#8221;64775e98b1081&#8243; parallax_scroll=&#8221;no&#8221; woodmart_sticky_column=&#8221;false&#8221; wd_collapsible_content_switcher=&#8221;no&#8221; wd_column_role_offcanvas_desktop=&#8221;no&#8221; wd_column_role_offcanvas_tablet=&#8221;no&#8221; wd_column_role_offcanvas_mobile=&#8221;no&#8221; wd_column_role_content_desktop=&#8221;no&#8221; wd_column_role_content_tablet=&#8221;no&#8221; wd_column_role_content_mobile=&#8221;no&#8221; mobile_bg_img_hidden=&#8221;no&#8221; tablet_bg_img_hidden=&#8221;no&#8221; woodmart_parallax=&#8221;0&#8243; woodmart_box_shadow=&#8221;no&#8221; responsive_spacing=&#8221;eyJwYXJhbV90eXBlIjoid29vZG1hcnRfcmVzcG9uc2l2ZV9zcGFjaW5nIiwic2VsZWN0b3JfaWQiOiI2NDc3NWU5OGIxMDgxIiwic2hvcnRjb2RlIjoidmNfY29sdW1uIiwiZGF0YSI6eyJ0YWJsZXQiOnsibWFyZ2luLXJpZ2h0IjoiMHB4In0sIm1vYmlsZSI6eyJtYXJnaW4tYm90dG9tIjoiMjAifX19&#8243; mobile_reset_margin=&#8221;no&#8221; tablet_reset_margin=&#8221;no&#8221; wd_z_index=&#8221;no&#8221; css=&#8221;.vc_custom_1685544613700{margin-right: 15px !important;}&#8221;][vc_custom_heading text=&#8221;Contacts&#8221; font_container=&#8221;tag:h1|text_align:left&#8221; use_theme_fonts=&#8221;yes&#8221; css=&#8221;&#8221;][vc_empty_space height=&#8221;50px&#8221; woodmart_hide_large=&#8221;0&#8243; woodmart_hide_medium=&#8221;0&#8243; woodmart_hide_small=&#8221;0&#8243;]\n\t\t<div id=\"wd-66ddf1f08a62f\" class=\"title-wrapper wd-wpb wd-set-mb reset-last-child  wd-rs-66ddf1f08a62f wd-title-color-default wd-title-style-default text-left vc_custom_1725821449123 wd-underline-colored\">\n\t\t\t\n\t\t\t<div class=\"liner-continer\">\n\t\t\t\t<h4 class=\"woodmart-title-container title  wd-font-weight- wd-fontsize-xxl\" >Requisites<\/h4>\n\t\t\t\t\t\t\t<\/div>\n\t\t\t\n\t\t\t\n\t\t\t\n\t\t<\/div>\n\t\t\n\t\t\t\t<div id=\"wd-66ddf1d16951e\" class=\"wd-text-block wd-wpb reset-last-child wd-rs-66ddf1d16951e text-left \">\n\t\t\t<p><strong>MB &#8220;ONLY MEDIA PROJECTS&#8221;<\/strong><\/p>\n<p>Company code: 305614941<br \/>\nVAT code: LT100015316717<\/p>\n\t\t<\/div>\n\t\t\t\t\t<div class=\"info-box-wrapper\">\n\t\t\t\t<div id=\"wd-65afa62cb62e0\" class=\" wd-rs-65afa62cb62e0 wd-info-box wd-wpb text-left box-icon-align-top box-style- color-scheme- wd-bg-none with-btn box-btn-static vc_custom_1706010160654\">\n\t\t\t\t\t\t\t\t\t\t<div class=\"info-box-content\">\n\t\t\t\t\t\t\t\t\t\t\t\t<div class=\"info-box-inner reset-last-child\"><\/div>\n\n\t\t\t\t\t\t<div class=\"info-btn-wrapper\"><div id=\"wd-69e02cea601dc\" class=\"  wd-button-wrapper text-left\"><a href=\"tel:+37063011322\" title=\"\" class=\"btn btn-style-link btn-shape-rectangle btn-size-default btn-icon-pos-left\">+37063011322<span class=\"wd-btn-icon\"><span class=\"wd-icon fas fa-phone-alt\"><\/span><\/span><\/a><\/div><\/div>\t\t\t\t\t<\/div>\n\n\t\t\t\t\t\n\t\t\t\t\t\t\t\t\t<\/div>\n\t\t\t<\/div>\n\t\t\t\t\t<div class=\"info-box-wrapper\">\n\t\t\t\t<div id=\"wd-65afa6348976a\" class=\" wd-rs-65afa6348976a wd-info-box wd-wpb text-left box-icon-align-top box-style- color-scheme- wd-bg-none with-btn box-btn-static vc_custom_1706010167275\">\n\t\t\t\t\t\t\t\t\t\t<div class=\"info-box-content\">\n\t\t\t\t\t\t\t\t\t\t\t\t<div class=\"info-box-inner reset-last-child\"><\/div>\n\n\t\t\t\t\t\t<div class=\"info-btn-wrapper\"><div id=\"wd-69e02cea602d9\" class=\"  wd-button-wrapper text-left\"><a href=\"mailto:info@onlymedia.lt\" title=\"\" class=\"btn btn-style-link btn-shape-rectangle btn-size-default btn-icon-pos-left\">info@onlymedia.lt<span class=\"wd-btn-icon\"><span class=\"wd-icon fas fa-envelope\"><\/span><\/span><\/a><\/div><\/div>\t\t\t\t\t<\/div>\n\n\t\t\t\t\t\n\t\t\t\t\t\t\t\t\t<\/div>\n\t\t\t<\/div>\n\t\t[\/vc_column][vc_column width=&#8221;2\/3&#8243; woodmart_css_id=&#8221;65afa8f71145e&#8221; parallax_scroll=&#8221;no&#8221; woodmart_sticky_column=&#8221;false&#8221; wd_collapsible_content_switcher=&#8221;no&#8221; wd_column_role_offcanvas_desktop=&#8221;no&#8221; wd_column_role_offcanvas_tablet=&#8221;no&#8221; wd_column_role_offcanvas_mobile=&#8221;no&#8221; wd_column_role_content_desktop=&#8221;no&#8221; wd_column_role_content_tablet=&#8221;no&#8221; wd_column_role_content_mobile=&#8221;no&#8221; mobile_bg_img_hidden=&#8221;no&#8221; tablet_bg_img_hidden=&#8221;no&#8221; woodmart_parallax=&#8221;0&#8243; woodmart_box_shadow=&#8221;no&#8221; responsive_spacing=&#8221;eyJwYXJhbV90eXBlIjoid29vZG1hcnRfcmVzcG9uc2l2ZV9zcGFjaW5nIiwic2VsZWN0b3JfaWQiOiI2NWFmYThmNzExNDVlIiwic2hvcnRjb2RlIjoidmNfY29sdW1uIiwiZGF0YSI6eyJ0YWJsZXQiOnt9LCJtb2JpbGUiOnt9fX0=&#8221; mobile_reset_margin=&#8221;no&#8221; tablet_reset_margin=&#8221;no&#8221; wd_z_index=&#8221;no&#8221;][vc_single_image image=&#8221;1774&#8243; img_size=&#8221;full&#8221; alignment=&#8221;center&#8221; css=&#8221;.vc_custom_1716195635732{margin-bottom: 0px !important;}&#8221; scroll_x=&#8221;0&#8243; scroll_y=&#8221;-80&#8243; scroll_z=&#8221;0&#8243; parallax_scroll=&#8221;yes&#8221; woodmart_inline=&#8221;no&#8221; el_class=&#8221;rounded-corners&#8221;][\/vc_column][\/vc_row]<\/p>\n<\/div>","protected":false},"excerpt":{"rendered":"<p>[vc_row gap=&#8221;30&#8243; woodmart_css_id=&#8221;65c4d4d80854b&#8221; responsive_spacing=&#8221;eyJwYXJhbV90eXBlIjoid29vZG1hcnRfcmVzcG9uc2l2ZV9zcGFjaW5nIiwic2VsZWN0b3JfaWQiOiI2NWM0ZDRkODA4NTRiIiwic2hvcnRjb2RlIjoidmNfcm93IiwiZGF0YSI6eyJ0YWJsZXQiOnsibWFyZ2luLXRvcCI6Ii0yMCJ9LCJtb2JpbGUiOnt9fX0=&#8221; mobile_bg_img_hidden=&#8221;no&#8221; tablet_bg_img_hidden=&#8221;no&#8221; woodmart_parallax=&#8221;0&#8243; woodmart_gradient_switch=&#8221;no&#8221; woodmart_box_shadow=&#8221;no&#8221; wd_z_index=&#8221;no&#8221; woodmart_disable_overflow=&#8221;0&#8243; row_reverse_mobile=&#8221;0&#8243; row_reverse_tablet=&#8221;0&#8243;][vc_column width=&#8221;1\/3&#8243; woodmart_css_id=&#8221;64775e98b1081&#8243; parallax_scroll=&#8221;no&#8221; woodmart_sticky_column=&#8221;false&#8221; wd_collapsible_content_switcher=&#8221;no&#8221; wd_column_role_offcanvas_desktop=&#8221;no&#8221; wd_column_role_offcanvas_tablet=&#8221;no&#8221;<\/p>\n","protected":false},"author":1,"featured_media":1774,"parent":0,"menu_order":0,"comment_status":"closed","ping_status":"closed","template":"","meta":{"content-type":"","cybocfi_hide_featured_image":"","footnotes":""},"class_list":["post-1844","page","type-page","status-publish","has-post-thumbnail","hentry"],"yoast_head":"<!-- This site is optimized with the Yoast SEO Premium plugin v26.9 (Yoast SEO v26.9) - https:\/\/yoast.com\/product\/yoast-seo-premium-wordpress\/ -->\n<title>Contacts | Only Media<\/title>\n<meta name=\"description\" content=\"Atverkite savo Verslo potencial\u0105 su Only Media Reklamos agent\u016bra. Skaitmenin\u0117s rinkodaros sprendimai verslo Lyderiams.\" \/>\n<meta name=\"robots\" content=\"index, follow, max-snippet:-1, max-image-preview:large, max-video-preview:-1\" \/>\n<link rel=\"canonical\" href=\"https:\/\/onlymedia.lt\/en\/contacts\/\" \/>\n<meta property=\"og:locale\" content=\"en_US\" \/>\n<meta property=\"og:type\" content=\"article\" \/>\n<meta property=\"og:title\" content=\"Contacts\" \/>\n<meta property=\"og:description\" content=\"Atverkite savo Verslo potencial\u0105 su Only Media Reklamos agent\u016bra. Skaitmenin\u0117s rinkodaros sprendimai verslo Lyderiams.\" \/>\n<meta property=\"og:url\" content=\"https:\/\/onlymedia.lt\/en\/contacts\/\" \/>\n<meta property=\"og:site_name\" content=\"Only Media\" \/>\n<meta property=\"article:publisher\" content=\"https:\/\/www.facebook.com\/onlymedia.eu\/\" \/>\n<meta property=\"article:modified_time\" content=\"2024-09-09T13:19:25+00:00\" \/>\n<meta property=\"og:image\" content=\"https:\/\/onlymedia.lt\/wp-content\/uploads\/2024\/05\/Reklamos-agentura-Vilniuje-1.png.webp\" \/>\n\t<meta property=\"og:image:width\" content=\"1026\" \/>\n\t<meta property=\"og:image:height\" content=\"509\" \/>\n\t<meta property=\"og:image:type\" content=\"image\/webp\" \/>\n<meta name=\"twitter:card\" content=\"summary_large_image\" \/>\n<meta name=\"twitter:label1\" content=\"Est. reading time\" \/>\n\t<meta name=\"twitter:data1\" content=\"1 minute\" \/>\n<script type=\"application\/ld+json\" class=\"yoast-schema-graph\">{\"@context\":\"https:\/\/schema.org\",\"@graph\":[{\"@type\":\"WebPage\",\"@id\":\"https:\/\/onlymedia.lt\/en\/contacts\/\",\"url\":\"https:\/\/onlymedia.lt\/en\/contacts\/\",\"name\":\"Contacts | Only Media\",\"isPartOf\":{\"@id\":\"https:\/\/onlymedia.lt\/en\/#website\"},\"primaryImageOfPage\":{\"@id\":\"https:\/\/onlymedia.lt\/en\/contacts\/#primaryimage\"},\"image\":{\"@id\":\"https:\/\/onlymedia.lt\/en\/contacts\/#primaryimage\"},\"thumbnailUrl\":\"https:\/\/onlymedia.lt\/wp-content\/uploads\/2024\/05\/Reklamos-agentura-Vilniuje-1.png.webp\",\"datePublished\":\"2024-01-02T12:33:21+00:00\",\"dateModified\":\"2024-09-09T13:19:25+00:00\",\"description\":\"Atverkite savo Verslo potencial\u0105 su Only Media Reklamos agent\u016bra. Skaitmenin\u0117s rinkodaros sprendimai verslo Lyderiams.\",\"breadcrumb\":{\"@id\":\"https:\/\/onlymedia.lt\/en\/contacts\/#breadcrumb\"},\"inLanguage\":\"en-US\",\"potentialAction\":[{\"@type\":\"ReadAction\",\"target\":[\"https:\/\/onlymedia.lt\/en\/contacts\/\"]}]},{\"@type\":\"ImageObject\",\"inLanguage\":\"en-US\",\"@id\":\"https:\/\/onlymedia.lt\/en\/contacts\/#primaryimage\",\"url\":\"https:\/\/onlymedia.lt\/wp-content\/uploads\/2024\/05\/Reklamos-agentura-Vilniuje-1.png.webp\",\"contentUrl\":\"https:\/\/onlymedia.lt\/wp-content\/uploads\/2024\/05\/Reklamos-agentura-Vilniuje-1.png.webp\",\"width\":1026,\"height\":509,\"caption\":\"marketing agency vilnius\"},{\"@type\":\"BreadcrumbList\",\"@id\":\"https:\/\/onlymedia.lt\/en\/contacts\/#breadcrumb\",\"itemListElement\":[{\"@type\":\"ListItem\",\"position\":1,\"name\":\"Pagrindinis\",\"item\":\"https:\/\/onlymedia.lt\/en\/\"},{\"@type\":\"ListItem\",\"position\":2,\"name\":\"Contacts\"}]},{\"@type\":\"WebSite\",\"@id\":\"https:\/\/onlymedia.lt\/en\/#website\",\"url\":\"https:\/\/onlymedia.lt\/en\/\",\"name\":\"Only Media\",\"description\":\"Marketingo Agent\u016bra Vilniuje\",\"publisher\":{\"@id\":\"https:\/\/onlymedia.lt\/en\/#organization\"},\"potentialAction\":[{\"@type\":\"SearchAction\",\"target\":{\"@type\":\"EntryPoint\",\"urlTemplate\":\"https:\/\/onlymedia.lt\/en\/?s={search_term_string}\"},\"query-input\":{\"@type\":\"PropertyValueSpecification\",\"valueRequired\":true,\"valueName\":\"search_term_string\"}}],\"inLanguage\":\"en-US\"},{\"@type\":\"Organization\",\"@id\":\"https:\/\/onlymedia.lt\/en\/#organization\",\"name\":\"Only Media\",\"url\":\"https:\/\/onlymedia.lt\/en\/\",\"logo\":{\"@type\":\"ImageObject\",\"inLanguage\":\"en-US\",\"@id\":\"https:\/\/onlymedia.lt\/en\/#\/schema\/logo\/image\/\",\"url\":\"https:\/\/onlymedia.lt\/wp-content\/uploads\/2024\/02\/Only-logo-2024-1920-x-1080-px-2.png\",\"contentUrl\":\"https:\/\/onlymedia.lt\/wp-content\/uploads\/2024\/02\/Only-logo-2024-1920-x-1080-px-2.png\",\"width\":1920,\"height\":1080,\"caption\":\"Only Media\"},\"image\":{\"@id\":\"https:\/\/onlymedia.lt\/en\/#\/schema\/logo\/image\/\"},\"sameAs\":[\"https:\/\/www.facebook.com\/onlymedia.eu\/\",\"https:\/\/www.instagram.com\/onlymedia\/\",\"https:\/\/www.linkedin.com\/company\/onlymedia-lt\/\"],\"description\":\"Only Media \u2013 J\u016bs\u0173 patikimas partneris s\u0117kmingai rinkodarai. Marketingo agent\u016bra Vilniuje: marketingas, web dizainas, komunikacija, tinklapi\u0173 k\u016brimas.\",\"email\":\"info@onlymedia.lt\",\"telephone\":\"+37063011322\",\"legalName\":\"Only Media\"}]}<\/script>\n<!-- \/ Yoast SEO Premium plugin. -->","yoast_head_json":{"title":"Contacts | Only Media","description":"Atverkite savo Verslo potencial\u0105 su Only Media Reklamos agent\u016bra. Skaitmenin\u0117s rinkodaros sprendimai verslo Lyderiams.","robots":{"index":"index","follow":"follow","max-snippet":"max-snippet:-1","max-image-preview":"max-image-preview:large","max-video-preview":"max-video-preview:-1"},"canonical":"https:\/\/onlymedia.lt\/en\/contacts\/","og_locale":"en_US","og_type":"article","og_title":"Contacts","og_description":"Atverkite savo Verslo potencial\u0105 su Only Media Reklamos agent\u016bra. Skaitmenin\u0117s rinkodaros sprendimai verslo Lyderiams.","og_url":"https:\/\/onlymedia.lt\/en\/contacts\/","og_site_name":"Only Media","article_publisher":"https:\/\/www.facebook.com\/onlymedia.eu\/","article_modified_time":"2024-09-09T13:19:25+00:00","og_image":[{"width":1026,"height":509,"url":"https:\/\/onlymedia.lt\/wp-content\/uploads\/2024\/05\/Reklamos-agentura-Vilniuje-1.png.webp","type":"image\/webp"}],"twitter_card":"summary_large_image","twitter_misc":{"Est. reading time":"1 minute"},"schema":{"@context":"https:\/\/schema.org","@graph":[{"@type":"WebPage","@id":"https:\/\/onlymedia.lt\/en\/contacts\/","url":"https:\/\/onlymedia.lt\/en\/contacts\/","name":"Contacts | Only Media","isPartOf":{"@id":"https:\/\/onlymedia.lt\/en\/#website"},"primaryImageOfPage":{"@id":"https:\/\/onlymedia.lt\/en\/contacts\/#primaryimage"},"image":{"@id":"https:\/\/onlymedia.lt\/en\/contacts\/#primaryimage"},"thumbnailUrl":"https:\/\/onlymedia.lt\/wp-content\/uploads\/2024\/05\/Reklamos-agentura-Vilniuje-1.png.webp","datePublished":"2024-01-02T12:33:21+00:00","dateModified":"2024-09-09T13:19:25+00:00","description":"Atverkite savo Verslo potencial\u0105 su Only Media Reklamos agent\u016bra. Skaitmenin\u0117s rinkodaros sprendimai verslo Lyderiams.","breadcrumb":{"@id":"https:\/\/onlymedia.lt\/en\/contacts\/#breadcrumb"},"inLanguage":"en-US","potentialAction":[{"@type":"ReadAction","target":["https:\/\/onlymedia.lt\/en\/contacts\/"]}]},{"@type":"ImageObject","inLanguage":"en-US","@id":"https:\/\/onlymedia.lt\/en\/contacts\/#primaryimage","url":"https:\/\/onlymedia.lt\/wp-content\/uploads\/2024\/05\/Reklamos-agentura-Vilniuje-1.png.webp","contentUrl":"https:\/\/onlymedia.lt\/wp-content\/uploads\/2024\/05\/Reklamos-agentura-Vilniuje-1.png.webp","width":1026,"height":509,"caption":"marketing agency vilnius"},{"@type":"BreadcrumbList","@id":"https:\/\/onlymedia.lt\/en\/contacts\/#breadcrumb","itemListElement":[{"@type":"ListItem","position":1,"name":"Pagrindinis","item":"https:\/\/onlymedia.lt\/en\/"},{"@type":"ListItem","position":2,"name":"Contacts"}]},{"@type":"WebSite","@id":"https:\/\/onlymedia.lt\/en\/#website","url":"https:\/\/onlymedia.lt\/en\/","name":"Only Media","description":"Marketingo Agent\u016bra Vilniuje","publisher":{"@id":"https:\/\/onlymedia.lt\/en\/#organization"},"potentialAction":[{"@type":"SearchAction","target":{"@type":"EntryPoint","urlTemplate":"https:\/\/onlymedia.lt\/en\/?s={search_term_string}"},"query-input":{"@type":"PropertyValueSpecification","valueRequired":true,"valueName":"search_term_string"}}],"inLanguage":"en-US"},{"@type":"Organization","@id":"https:\/\/onlymedia.lt\/en\/#organization","name":"Only Media","url":"https:\/\/onlymedia.lt\/en\/","logo":{"@type":"ImageObject","inLanguage":"en-US","@id":"https:\/\/onlymedia.lt\/en\/#\/schema\/logo\/image\/","url":"https:\/\/onlymedia.lt\/wp-content\/uploads\/2024\/02\/Only-logo-2024-1920-x-1080-px-2.png","contentUrl":"https:\/\/onlymedia.lt\/wp-content\/uploads\/2024\/02\/Only-logo-2024-1920-x-1080-px-2.png","width":1920,"height":1080,"caption":"Only Media"},"image":{"@id":"https:\/\/onlymedia.lt\/en\/#\/schema\/logo\/image\/"},"sameAs":["https:\/\/www.facebook.com\/onlymedia.eu\/","https:\/\/www.instagram.com\/onlymedia\/","https:\/\/www.linkedin.com\/company\/onlymedia-lt\/"],"description":"Only Media \u2013 J\u016bs\u0173 patikimas partneris s\u0117kmingai rinkodarai. Marketingo agent\u016bra Vilniuje: marketingas, web dizainas, komunikacija, tinklapi\u0173 k\u016brimas.","email":"info@onlymedia.lt","telephone":"+37063011322","legalName":"Only Media"}]}},"_links":{"self":[{"href":"https:\/\/onlymedia.lt\/en\/wp-json\/wp\/v2\/pages\/1844","targetHints":{"allow":["GET"]}}],"collection":[{"href":"https:\/\/onlymedia.lt\/en\/wp-json\/wp\/v2\/pages"}],"about":[{"href":"https:\/\/onlymedia.lt\/en\/wp-json\/wp\/v2\/types\/page"}],"author":[{"embeddable":true,"href":"https:\/\/onlymedia.lt\/en\/wp-json\/wp\/v2\/users\/1"}],"replies":[{"embeddable":true,"href":"https:\/\/onlymedia.lt\/en\/wp-json\/wp\/v2\/comments?post=1844"}],"version-history":[{"count":3,"href":"https:\/\/onlymedia.lt\/en\/wp-json\/wp\/v2\/pages\/1844\/revisions"}],"predecessor-version":[{"id":2104,"href":"https:\/\/onlymedia.lt\/en\/wp-json\/wp\/v2\/pages\/1844\/revisions\/2104"}],"wp:featuredmedia":[{"embeddable":true,"href":"https:\/\/onlymedia.lt\/en\/wp-json\/wp\/v2\/media\/1774"}],"wp:attachment":[{"href":"https:\/\/onlymedia.lt\/en\/wp-json\/wp\/v2\/media?parent=1844"}],"curies":[{"name":"wp","href":"https:\/\/api.w.org\/{rel}","templated":true}]}}